{"id":751,"date":"2016-06-08T16:14:54","date_gmt":"2016-06-08T16:14:54","guid":{"rendered":"https:\/\/www2.sber.co.at\/de\/?page_id=751"},"modified":"2016-06-08T18:21:32","modified_gmt":"2016-06-08T18:21:32","slug":"produkte-dienstleistungen","status":"publish","type":"page","link":"https:\/\/www.sber.co.at\/de\/produkte-dienstleistungen\/","title":{"rendered":"Produkte &#038; Dienstleistungen"},"content":{"rendered":"<style>#produtabs .su-tabs-nav > span {\n    height: 215px !important;\n    float: left;\n}<\/style>\n<h1>Einf\u00fchrung<\/h1>\n<p>SBER&#8217;s Produktportfolio umfasst mehr als 50 Edelstahlqualit\u00e4ten und Nickellegierungen. Fokussiert auf die Kundenzufriedenheit bietet SBER spezifische Anforderungen mit einem Messbereich von OD 6 mm (0,24&#8220;) bis 250mm (9,84&#8220;) und Wandst\u00e4rken von 0,7mm (0,027&#8220;) bis 45 mm (1,77&#8220;) an. Au\u00dferdem erzeugen wir Rohre bis zu einer L\u00e4nge von 32m (105 &#8218;ft.), sowie Spezialrohre in unserer Umbilical-Produktion.<\/p>\n<p>Die Herstellungsverfahren, die bei SBER angewendet werden, spiegeln die state-of-the-art-Technologie, in \u00dcbereinstimmung mit internationalen Standards, wider. Je nach Produkt kann ein nahtloses Edelstahlrohr bis zu 100 Fertigungsschritte durchlaufen, bevor es die endg\u00fcltige Freigabe erh\u00e4lt.<\/p>\n<p>Um die erforderliche Qualit\u00e4t f\u00fcr unsere Kunden zu erhalten, bietet SBER ein zertifiziertes Labor im Haus, in dem unsere Rohre und Leitungen mit den aktuellsten Messverfahren gepr\u00fcft werden. Unser Labor erm\u00f6glicht es uns, verschiedenste Pr\u00fcfverfahren, chemische Tests, Korrosionspr\u00fcfungen, Penetrationstests, metallurgische Tests und mechanisch\/technische Pr\u00fcfungen durchzuf\u00fchren.<\/p>\n<p>Dar\u00fcber hinaus werden unsere Rohre und Leitungen auch w\u00e4hrend des Produktionsprozesses mit zerst\u00f6rungsfreier Pr\u00fcfung wie Ultraschallpr\u00fcfung, Wirbelstrompr\u00fcfung, Penetrationstest, Hydro-Druckpr\u00fcfung oder einem Materialidentifikations-Test \u00fcberpr\u00fcft.<\/p>\n<hr \/>\n<h1>Produkte<\/h1>\n<div id=\"produtabs\">\n<div class=\"su-tabs su-tabs-style-default su-tabs-mobile-stack\" data-active=\"1\" data-scroll-offset=\"0\" data-anchor-in-url=\"no\"><div class=\"su-tabs-nav\"><span class=\"\" data-url=\"\" data-target=\"blank\" tabindex=\"0\" role=\"button\">Hydraulische und Instrumentation Rohre<\/span><span class=\"\" data-url=\"\" data-target=\"blank\" tabindex=\"0\" role=\"button\">W\u00e4rmetauscher<\/span><span class=\"\" data-url=\"\" data-target=\"blank\" tabindex=\"0\" role=\"button\">Umbilical Rohre<\/span><span class=\"\" data-url=\"\" data-target=\"blank\" tabindex=\"0\" role=\"button\">D\u00fcngemittel Produktion<\/span><\/div><div class=\"su-tabs-panes\"><div class=\"su-tabs-pane su-u-clearfix su-u-trim\" data-title=\"Hydraulische und Instrumentation Rohre\">\n<h2>Hydraulische und Instrumentation Rohre<\/h2>\n<p>Hydraulische &amp; Instrumentations Rohre sind wichtige Komponenten um Hydraulik- und Messsysteme zu sch\u00fctzen und andere Komponenten, Ger\u00e4te oder Instrumente, die einen sicheren und st\u00f6rungsfreien Betrieb von \u00d6l- und Gasanlagen, Petrochemie, Energieerzeugung und andere kritische industrielle Anwendungen gew\u00e4hrleisten, abzusichern. Folglich ist die Anforderung an die Qualit\u00e4t der Rohre sehr hoch.<\/p>\n<p>SBER hat eine hohe Kompetenz in der Entwicklung und Herstellung dieser Pr\u00e4zisionsrohr-Produkte mit einer langen Geschichte, die im Jahr 1962 begann. Die j\u00fcngsten Entwicklungen in der Tubacex Gruppe, mit der Schaffung eines Innovationszentrums in Spanien und dem Start von Produktionsstandorten in Asien, unterst\u00fctzen SBER kontinuierlich, seine F\u00e4higkeiten f\u00fcr die Zukunft zu st\u00e4rken.<\/p>\n<p>SBER&#8217;s Hydraulik- und Instrumentierungsrohr-Portfolio umfasst einen Bereich mit Au\u00dfendurchmesser von 6 mm bis 42 mm, und einer Wanddicke von 1 mm bis 5 mm. Unser Stahl Sortiment besteht aus mehr als 10 Stahlsorten einschlie\u00dflich austenitisch &amp; hitzebest\u00e4ndigen Edelst\u00e4hle, Duplex und High-Nickel-Legierungen. Unsere Rohre haben eine glatte, helle und gleichm\u00e4\u00dfige Oberfl\u00e4che mit einer maximalen abgewickelten L\u00e4nge bis zu 15 Metern, weitere kundenspezifische L\u00e4ngen bieten wir auf Anfrage an. Unsere Rohre werden in \u00dcbereinstimmung mit den wichtigsten internationalen Normen wie ASTM, ASME, EN oder ISO gefertigt. Um die hohe Qualit\u00e4t unserer Rohre zu gew\u00e4hrleisten, f\u00fchren wir eine 100% Wirbelstrompr\u00fcfung und 100% PMI Tests durch.<br \/>\n<\/div>\n<div class=\"su-tabs-pane su-u-clearfix su-u-trim\" data-title=\"W\u00e4rmetauscher\">\n<h2>W\u00e4rmetauscher<\/h2>\n<p>SBER&#8217;s W\u00e4rmetauscher-Rohr-Portfolio umfasst mehr als 20 Stahlsorten, von austenitischen (Standard und hitzebest\u00e4ndig) Duplex, bis zu super austenitischen St\u00e4hlen mit hoher Nickel-Legierung. Der Rohrgr\u00f6\u00dfenbereich geht von einem Au\u00dfendurchmesser von 12 mm bis 60 mm und einer Wandst\u00e4rke von 0,8 mm bis 4 mm. SBER kann U-gebogene bzw. gerade Rohre mit einer maximalen L\u00e4nge von bis zu 37 Metern liefern. Spezielle Gr\u00f6\u00dfe k\u00f6nnen in der Produktion ber\u00fccksichtigt werden. Die Rohre werden nach allen g\u00e4ngigen internationalen Standards wie ASTM \/ ASME \/ EN \/ DIN \/ GOST hergestellt.<\/p>\n<p>SBER liefert W\u00e4rmetauscherrohre f\u00fcr verschiedenste kritische Anwendungen, die eine hohe Korrosionsbest\u00e4ndigkeit erfordern und setzt Materialien f\u00fcr h\u00f6chste Qualit\u00e4tsstandards ein. Einige dieser Anwendungen sind in Kondensatoren, K\u00fchlungen, Verdampfern, Heizungen in Raffinerien, Petrochemie, Chemie, \u00d6l\/Gas, Produktion von organischen und anorganischen S\u00e4uren, Hydrometallurgie, Stromerzeugung und Entsalzung, eingesetzt.<\/p>\n<p>Die W\u00e4rmetauscherrohre werden durch ein Extrusionsverfahren und nachfolgend durch Pilgern und\/oder Ziehen, hergestellt. Unsere Fertigungsanlagen sind mit allen erforderlichen Maschinen ausgestattet, um den Prozess mit einer hohen Ergebnisqualit\u00e4t (Strangpresse, Stretch-Druckminderer, Pilger Maschinen, Ziehb\u00e4nke, Richtmaschinen, Entfetten Einrichtung, Gl\u00fch\u00f6fen und Stabilisierungs \u00d6fen) sicherzustellen. SBER hat auch Schl\u00fcssel-Zulassungen bei z.B. T\u00dcV und NORSOK.<\/p>\n<p>Dieser Prozess wird mit unserer hauseigenen Qualit\u00e4tspr\u00fcfung mit Tests \u00fcber die chemische Zusammensetzung und mechanischen Eigenschaften (Zugfestigkeit, Aufprall, H\u00e4rte) abgeschlossen. Die zerst\u00f6rungsfreie Pr\u00fcfung umfasst Hydrotest, Wirbelstrompr\u00fcfung und Ultraschallpr\u00fcfung. Die eigene Qualit\u00e4tsabteilung ist auch f\u00fcr die Durchf\u00fchrung von Korrosionstests wie z.B. f\u00fcr den intergranularen Korrosionstest, die Lochkorrosionspr\u00fcfung sowie f\u00fcr Gef\u00fcgeanalysen ausgestattet. Andere spezielle Pr\u00fcfanforderungen k\u00f6nnen von externen Labors durchgef\u00fchrt werden.<br \/>\n<\/div>\n<div class=\"su-tabs-pane su-u-clearfix su-u-trim\" data-title=\"Umbilical Rohre\">\n<h2>Umbilical Rohre<\/h2>\n<p>Die Tubacex-Gruppe hat sich zu einem der wichtigsten Lieferanten von nahtlosen Edelstahl- und Nickel-Legierungs Rohre f\u00fcr die \u00d6l- und Gasindustrie (Onshore, Offshore, Energieerzeugung und anderen Anwendungen) entwickelt. Die \u00d6l- und Gasindustrie ist ein Grundpfeiler in der Tubacex Strategie im Bereich der Basisrohrprodukte f\u00fcr Flie\u00dflinien, Riser, Manifold, Br\u00fccken, Schleifen und Untersee umbilicals.<\/p>\n<p>Ein Umbilical ist im Grunde ein Composite-Kabel, das die Offshore-\u00d6l- und Gasindustrie zur Verbindung der verschiedenen Elemente von &#8211; unter der Meeresoberfl\u00e4che &#8211; gelegenen \u00d6l- und Gasproduktionssystemen einsetzt. Umbilical-Systeme bieten die lebenswichtige Versorgung und Steuerverbindung von Plattformen oder Schiffen zu \u00d6l- und Gasanlagen am Meeresboden.<br \/>\nEs gibt verschiedene Arten von Umbilical und die Anforderungen des jeweiligen Einsatzesbereiches bestimmt, welche Spezifikation am besten geeignet ist. F\u00fcr tieferes Wasser werden typischerweise Umbilicals aus Stahl verwendet, die in spiralf\u00f6rmig in verschiedenen Schichten angeordnet sind (Fluidleitungen, Elektrokabel und Glasfaserkabel).<\/p>\n<p>Ein wichtiger Punkt unserer Strategie war ein gro\u00dfes Investment (2011) in ein v\u00f6llig neues state-oft-the-art Rohrwerk, das sich ausschlie\u00dflich der Produktion dieser Produkte widmet. Die neue Produktionseinheit verf\u00fcgt \u00fcber die besten Technologien und \u00fcber das Know-how f\u00fcr die Herstellung in der besten Qualit\u00e4t. Die hochautomatisierte Produktion und ein vollintegriertes System der R\u00fcckverfolgbarkeit f\u00fchrt zu einem \u00e4u\u00dferst kosteneffizienten Produkt.<\/p>\n<p>SBER produziert die kleinen OD Umbilical Rohre, um die die h\u00f6chsten Anforderungen unserer Kunden zu erf\u00fcllen. Die Rohre k\u00f6nnen in spezifischen L\u00e4ngen oder verschwei\u00dft und aufgewickelt auf Spulen hergestellt werden. Unsere Umbilical Rohre werden in zwei Qualit\u00e4ten (Superduplex- Edelstahl, UNS S32750 und S32760 UNS) hergestellt. Der Au\u00dfendurchmesser reicht von 12mm bis 45mm und die Wanddicke von 1 mm bis 6 mm. Spezielle Anforderungen k\u00f6nnen auf Anfrage ber\u00fccksichtigt werden.<\/p>\n<p>Unsere hochautomatisierten Anlagen und ein vollst\u00e4ndig integriertes System der R\u00fcckverfolgbarkeit stellen unsere Produktqualit\u00e4t sicher:<\/p>\n<p>Unsere Rohre werden in \u00dcbereinstimmung mit den wichtigsten internationalen Normen wie ASTM, ASME oder ISO und auch Zulassungen wie T\u00dcV, NORSOK oder DNV hergestellt. Weiters haben wir Zulassungen f\u00fcr dynamische und statische Anwendungen von gro\u00dfen \u00d6lgesellschaften, Nabel-Kabelhersteller und \u00d6lproduktionsfirmen.<\/div>\n<div class=\"su-tabs-pane su-u-clearfix su-u-trim\" data-title=\"D\u00fcngemittel Produktion\">\n<h2>D\u00fcngemittel Produktion<\/h2>\n<p>D\u00fcngemittel-Hersteller ben\u00f6tigen Produkte, die extremen Korrosionsbedingungen widerstehen. Aus diesem Grund m\u00fcssen sich Ingenieurb\u00fcros, Hersteller, Endnutzer oder jedes am Prozess beteiligten Unternehmen, auf modernste Rohrhersteller verlassen k\u00f6nnen.<\/p>\n<p>SBER verf\u00fcgt \u00fcber umfangreiche Erfahrung in der D\u00fcngemittelindustrie und hat W\u00e4rmetauschprodukte \u00fcber 40 Jahre f\u00fcr viele Harnstoff HP Komponenten im Programm. In unserem Spezialrohrwerk stellen wir nahtlose Rohre f\u00fcr die D\u00fcngemittelproduktion aus hochreinem Stahl, der entweder aus unserem Tubacex Stahlwerk oder von unserem langj\u00e4hrigen Partner kommt, her. Unsere Qualit\u00e4tskontrolle \u00fcberwacht dabei jeden Schritt im Produktionsprozess um strengsten internationalen Normen und Standards zu entsprechen.<\/p>\n<p>Wir liefern nahtlose Edelstahlrohre in den g\u00e4ngigsten Harnstoff Qualit\u00e4ten: 316L UG (1.4435), 25.22.2 (1.4466) oder S32906, sowie einige andere, die f\u00fcr anspruchsvolle S\u00e4ure- Umgebungen oder Anwendungen ausgelegt sind. Rohre dieser Typen erf\u00fcllen die strengen Anforderungen im Betrieb von Harnstoff-Anlagen.<\/p>\n<p>Die typischen Anwendungen f\u00fcr SBER \/ Tubacex Rohre sind Abstreifer, Kondensatoren, W\u00e4scher oder HD-Rohrleitungen.<\/p>\n<p><a href=\"https:\/\/www2.sber.co.at\/wp-content\/uploads\/2015\/06\/fertilizer_sber.jpeg\" rel=\"attachment wp-att-592\"><img loading=\"lazy\" decoding=\"async\" class=\"view-it-large-steve alignnone wp-image-592\" src=\"https:\/\/www2.sber.co.at\/wp-content\/uploads\/2015\/06\/fertilizer_sber.jpeg\" alt=\"fertilizer_sber\" width=\"1198\" height=\"224\" srcset=\"https:\/\/www.sber.co.at\/wp-content\/uploads\/2015\/06\/fertilizer_sber.jpeg 1467w, https:\/\/www.sber.co.at\/wp-content\/uploads\/2015\/06\/fertilizer_sber-300x56.jpeg 300w, https:\/\/www.sber.co.at\/wp-content\/uploads\/2015\/06\/fertilizer_sber-768x143.jpeg 768w, https:\/\/www.sber.co.at\/wp-content\/uploads\/2015\/06\/fertilizer_sber-1024x191.jpeg 1024w\" sizes=\"auto, (max-width: 1198px) 100vw, 1198px\" \/><\/a><\/p>\n<\/div><\/div><\/div>\n<\/div>\n","protected":false},"excerpt":{"rendered":"<p>Einf\u00fchrung SBER&#8217;s Produktportfolio umfasst mehr als 50 Edelstahlqualit\u00e4ten und Nickellegierungen. Fokussiert auf die Kundenzufriedenheit bietet SBER spezifische Anforderungen mit einem Messbereich von OD 6 mm (0,24&#8220;) bis 250mm (9,84&#8220;) und Wandst\u00e4rken von 0,7mm (0,027&#8220;) bis 45 mm (1,77&#8220;) an. Au\u00dferdem &hellip; <a href=\"https:\/\/www.sber.co.at\/de\/produkte-dienstleistungen\/\">Read More <span class=\"meta-nav\">&rarr;<\/span><\/a><\/p>\n","protected":false},"author":6,"featured_media":0,"parent":0,"menu_order":0,"comment_status":"closed","ping_status":"closed","template":"","meta":{"footnotes":""},"class_list":["post-751","page","type-page","status-publish","hentry"],"jetpack_sharing_enabled":true,"jetpack_shortlink":"https:\/\/wp.me\/PeZlH7-c7","_links":{"self":[{"href":"https:\/\/www.sber.co.at\/de\/wp-json\/wp\/v2\/pages\/751","targetHints":{"allow":["GET"]}}],"collection":[{"href":"https:\/\/www.sber.co.at\/de\/wp-json\/wp\/v2\/pages"}],"about":[{"href":"https:\/\/www.sber.co.at\/de\/wp-json\/wp\/v2\/types\/page"}],"author":[{"embeddable":true,"href":"https:\/\/www.sber.co.at\/de\/wp-json\/wp\/v2\/users\/6"}],"replies":[{"embeddable":true,"href":"https:\/\/www.sber.co.at\/de\/wp-json\/wp\/v2\/comments?post=751"}],"version-history":[{"count":1,"href":"https:\/\/www.sber.co.at\/de\/wp-json\/wp\/v2\/pages\/751\/revisions"}],"predecessor-version":[{"id":794,"href":"https:\/\/www.sber.co.at\/de\/wp-json\/wp\/v2\/pages\/751\/revisions\/794"}],"wp:attachment":[{"href":"https:\/\/www.sber.co.at\/de\/wp-json\/wp\/v2\/media?parent=751"}],"curies":[{"name":"wp","href":"https:\/\/api.w.org\/{rel}","templated":true}]}}