{"id":755,"date":"2016-06-08T16:24:14","date_gmt":"2016-06-08T16:24:14","guid":{"rendered":"https:\/\/www2.sber.co.at\/de\/?page_id=755"},"modified":"2026-02-26T09:24:34","modified_gmt":"2026-02-26T08:24:34","slug":"sber-zertifikate","status":"publish","type":"page","link":"https:\/\/www.sber.co.at\/de\/sber-zertifikate\/","title":{"rendered":"SBER Zertifikate"},"content":{"rendered":"<h1>Schoeller Bleckmann Industrie Zertifikate<\/h1>\n<table style=\"background-color: #ffffff; border-collapse: collapse; border: 1px solid #FFFFFF; color: #000000; width: 100%;\" border=\"1\" cellspacing=\"3\" cellpadding=\"3\">\n<tbody>\n<tr>\n<td><img loading=\"lazy\" decoding=\"async\" class=\"alignnone wp-image-513\" src=\"\/wp-content\/uploads\/2016\/01\/Llyods.png\" alt=\"Llyods\" width=\"138\" height=\"52\" srcset=\"https:\/\/www.sber.co.at\/wp-content\/uploads\/2016\/01\/Llyods.png 326w, https:\/\/www.sber.co.at\/wp-content\/uploads\/2016\/01\/Llyods-300x112.png 300w\" sizes=\"auto, (max-width: 138px) 100vw, 138px\" \/><\/td>\n<td><img loading=\"lazy\" decoding=\"async\" class=\"alignnone size-full wp-image-512\" src=\"\/wp-content\/uploads\/2016\/01\/koreanReg.png\" alt=\"koreanReg\" width=\"91\" height=\"112\" \/><\/td>\n<td><img loading=\"lazy\" decoding=\"async\" class=\"alignnone size-full wp-image-511\" src=\"\/wp-content\/uploads\/2016\/01\/GOST.png\" alt=\"GOST\" width=\"100\" height=\"109\" \/><\/td>\n<td><img loading=\"lazy\" decoding=\"async\" class=\"alignnone wp-image-820\" src=\"https:\/\/www2.sber.co.at\/wp-content\/uploads\/2016\/06\/DNV_GL_logo-300x189.png\" width=\"138\" height=\"87\" srcset=\"https:\/\/www.sber.co.at\/wp-content\/uploads\/2016\/06\/DNV_GL_logo-300x189.png 300w, https:\/\/www.sber.co.at\/wp-content\/uploads\/2016\/06\/DNV_GL_logo.png 600w\" sizes=\"auto, (max-width: 138px) 100vw, 138px\" \/><\/td>\n<td><img loading=\"lazy\" decoding=\"async\" class=\"alignnone wp-image-372\" src=\"http:\/\/www.salemtube.com\/wp-content\/uploads\/2015\/12\/norsok.jpg\" alt=\"norsok\" width=\"112\" height=\"101\" \/><\/td>\n<td><img loading=\"lazy\" decoding=\"async\" class=\"alignnone wp-image-200\" src=\"\/wp-content\/uploads\/2018\/02\/aramco.jpg\" alt=\"aramco\" width=\"158\" height=\"107\" \/><\/td>\n<td><img loading=\"lazy\" decoding=\"async\" class=\"alignnone wp-image-372\" src=\"\/wp-content\/uploads\/2018\/02\/HAF604.jpg\" alt=\"HAF\" width=\"91\" height=\"112\" \/><\/td>\n<td>\n<h2 style=\"text-align: center;\"><img loading=\"lazy\" decoding=\"async\" class=\"wp-image-508 alignleft\" src=\"\/wp-content\/uploads\/2016\/01\/ASME.png\" alt=\"ASME\" width=\"78\" height=\"73\" \/><\/h2>\n<\/td>\n<\/tr>\n<\/tbody>\n<\/table>\n<hr \/>\n<p><span style=\"font-weight: 400;\">Hochwertige nahtlose Edelstahlrohre sind wichtige Produkte im nahtlosen Stahlmarkt. Die Zahl der Unternehmen, die von der effizienten und professionellen Zusammenarbeit mit SBER profitieren, w\u00e4chst weltweit st\u00e4ndig. Eine der h\u00f6chsten Priorit\u00e4ten bei SBER ist der Schutz der Gesundheit und Sicherheit unserer Mitarbeiter, der Schutz der Umwelt und die Sicherstellung der Qualit\u00e4t unserer Produkte und Dienstleistungen auf h\u00f6chstem Niveau.<\/span><\/p>\n<p><span style=\"font-weight: 400;\">Aus diesem Grund hat SBER verschiedenste Zertifikate f\u00fcr die Herstellung seiner nahtlosen Rohre gem\u00e4\u00df internationalen Standards. Dar\u00fcber hinaus ist jedes Produkt, das unsere Fabrik in Ternitz verl\u00e4sst, mit entsprechenden Produktzertifikaten versehen, die dem Kunden bei der Lieferung vorgelegt werden. Damit wird sichergestellt, dass die qualitativ hochwertige Produktion bei SBER f\u00fcr jeden Kunden nachvollziehbar ist. <\/span><\/p>\n<p><span style=\"font-weight: 400;\">SBER hat, wie jedes Mitglied der Tubacex Gruppe weltweit, ein Labor f\u00fcr die chemische Produktanalyse sowie mechanische- und Korrosions-Pr\u00fcfungen, um sicherzustellen, dass die Produkte den Qualit\u00e4tsanforderungen und den technischen Spezifikationen unserer Kunden entsprechen. <\/span><\/p>\n<p><span style=\"font-weight: 400;\">Die Tubacex Gruppe legt permanentes Augenmerk darauf, Innovation voranzutreiben. Die Gruppe verf\u00fcgt \u00fcber eine eigene Corporate Innovationsabteilung, die sich auf F&amp;E- und Entwicklungs-Projekte <\/span><b>der verschiedenen Produktionsablaufpl\u00e4ne der Konzerngesellschaften <\/b><span style=\"font-weight: 400;\">konzentriert, damit technologische Entwicklung laufend gef\u00f6rdert wird. <\/span><\/p>\n<p><span style=\"font-weight: 400;\">Das konzerneigene F&amp;E-Labor in Spanien forciert die Entwicklung des metallurgischen und metallographischen Wissens und ist damit ein wesentlicher Schl\u00fcssel f\u00fcr die Entwicklung neuer Materialien und Fertigungsprozesse. Die wichtigsten Bestandteile dieses F&amp;E-Labors sind Mikroskope (FESM, Feldemissions-Scanning Mikroskop und LM, Lichtmikroskop) und Mikroh\u00e4rtepr\u00fcfger\u00e4te. <\/span><\/p>\n<ul>\n<li><a href=\"https:\/\/www.sber.co.at\/wp-content\/uploads\/2026\/02\/korean_register_of_shipping_2029.pdf\">Korean Register of Shipping \u2013 KR Material Rules, Part 2, Chapter 1, Art. 403<\/a><\/li>\n<li><a href=\"https:\/\/www.sber.co.at\/wp-content\/uploads\/2024\/02\/LRQA_2024.pdf\">LRQA \u2013 ISO 9001 \/ ISO 14001 \/ ISO 45001<\/a><\/li>\n<li><a href=\"https:\/\/www.sber.co.at\/wp-content\/uploads\/2021\/12\/New-QSC-592-_-ASME_extendet.pdf\">ASME \u2013 ASME Boiler and Pressure Vessel Code<\/a><\/li>\n<li><a href=\"https:\/\/www.sber.co.at\/wp-content\/uploads\/2026\/02\/PEDADW0_de.pdf\">T\u00dcV-S\u00dcD &#8211; PED 2014\/68\/EU +\u00a0 AD 2000-Merkblatt W0<\/a><\/li>\n<li><a href=\"https:\/\/www.sber.co.at\/wp-content\/uploads\/2026\/02\/PEDADW0_Scope.pdf\">T\u00dcV-S\u00dcD &#8211; PED 2014\/68\/EU + AD 2000-Scope<\/a><\/li>\n<li><a href=\"https:\/\/www.sber.co.at\/wp-content\/uploads\/2023\/05\/Cert_PER_SBER_2023.pdf\">T\u00dcV-S\u00dcD &#8211; PER 2016\/1105\/UK<\/a><\/li>\n<li><a href=\"https:\/\/www.sber.co.at\/wp-content\/uploads\/2023\/05\/Scope_PER_SBER_2023.pdf\">T\u00dcV-S\u00dcD &#8211; PER 2016\/1105\/UK SCOPE<\/a><\/li>\n<li><a href=\"https:\/\/www.sber.co.at\/wp-content\/uploads\/2026\/02\/KTA_3201-3401_de.pdf\">T\u00dcV-S\u00dcD &#8211; KTA 3201.1 + KTA 3401.1<\/a><\/li>\n<li><a href=\"https:\/\/www.sber.co.at\/wp-content\/uploads\/2026\/02\/EN9100_en.pdf\">T\u00dcV-S\u00dcD &#8211; AS9100d<\/a><\/li>\n<li><a href=\"https:\/\/www.sber.co.at\/wp-content\/uploads\/2024\/02\/norsok_approval_rev3.pdf\">NORSOK \u2013 NORSOK Approval M650 Rev. 04<\/a><\/li>\n<li><a href=\"https:\/\/www.sber.co.at\/wp-content\/uploads\/2026\/02\/det_norske_veritas.pdf\">DNV GL rules for classification &#8211; Ships<\/a><\/li>\n<li><a href=\"\/wp-content\/uploads\/2019\/11\/TR-CU_GOST-R_SBER_2018_hot.pdf\">GOST-R \u2013 Hot-finished seamless tubes<\/a><\/li>\n<li><a href=\"\/wp-content\/uploads\/2019\/11\/TR-CU_GOST-R_SBER_2018_cold.pdf\">GOST-R \u2013 Cold-finished seamless tubes<\/a><\/li>\n<li><a href=\"https:\/\/www.sber.co.at\/wp-content\/uploads\/2026\/02\/lloyds_register.pdf\">Lloyd&#8217;s Register<\/a><\/li>\n<li><a href=\"https:\/\/www.sber.co.at\/wp-content\/uploads\/2024\/02\/ISO_19443.pdf\">ISO 19443<\/a><\/li>\n<li><a href=\"https:\/\/www.sber.co.at\/wp-content\/uploads\/2026\/02\/KTA_1401.pdf\">KTA 1401, AVS D 100\/50<\/a><\/li>\n<li><a href=\"https:\/\/www.sber.co.at\/wp-content\/uploads\/2026\/02\/Bureau_Veritas_Certificate.pdf\">Bureau Veritas Mode II<\/a><\/li>\n<li><a href=\"https:\/\/www.sber.co.at\/wp-content\/uploads\/2026\/02\/ABS-Manufactoring-Assessment.pdf\">ABS<\/a><\/li>\n<li><a href=\"https:\/\/www.sber.co.at\/wp-content\/uploads\/2026\/02\/EN-ISO-3834-2.pdf\">EN ISO 3834-2<\/a><\/li>\n<\/ul>\n\n\n<p><\/p>\n","protected":false},"excerpt":{"rendered":"<p>Schoeller Bleckmann Industrie Zertifikate Hochwertige nahtlose Edelstahlrohre sind wichtige Produkte im nahtlosen Stahlmarkt. Die Zahl der Unternehmen, die von der effizienten und professionellen Zusammenarbeit mit SBER profitieren, w\u00e4chst weltweit st\u00e4ndig. Eine der h\u00f6chsten Priorit\u00e4ten bei SBER ist der Schutz der &hellip; <a href=\"https:\/\/www.sber.co.at\/de\/sber-zertifikate\/\">Read More <span class=\"meta-nav\">&rarr;<\/span><\/a><\/p>\n","protected":false},"author":6,"featured_media":0,"parent":0,"menu_order":0,"comment_status":"closed","ping_status":"closed","template":"","meta":{"footnotes":""},"class_list":["post-755","page","type-page","status-publish","hentry"],"jetpack_sharing_enabled":true,"jetpack_shortlink":"https:\/\/wp.me\/PeZlH7-cb","_links":{"self":[{"href":"https:\/\/www.sber.co.at\/de\/wp-json\/wp\/v2\/pages\/755","targetHints":{"allow":["GET"]}}],"collection":[{"href":"https:\/\/www.sber.co.at\/de\/wp-json\/wp\/v2\/pages"}],"about":[{"href":"https:\/\/www.sber.co.at\/de\/wp-json\/wp\/v2\/types\/page"}],"author":[{"embeddable":true,"href":"https:\/\/www.sber.co.at\/de\/wp-json\/wp\/v2\/users\/6"}],"replies":[{"embeddable":true,"href":"https:\/\/www.sber.co.at\/de\/wp-json\/wp\/v2\/comments?post=755"}],"version-history":[{"count":10,"href":"https:\/\/www.sber.co.at\/de\/wp-json\/wp\/v2\/pages\/755\/revisions"}],"predecessor-version":[{"id":1840,"href":"https:\/\/www.sber.co.at\/de\/wp-json\/wp\/v2\/pages\/755\/revisions\/1840"}],"wp:attachment":[{"href":"https:\/\/www.sber.co.at\/de\/wp-json\/wp\/v2\/media?parent=755"}],"curies":[{"name":"wp","href":"https:\/\/api.w.org\/{rel}","templated":true}]}}