{"id":767,"date":"2016-06-08T16:58:13","date_gmt":"2016-06-08T16:58:13","guid":{"rendered":"https:\/\/www2.sber.co.at\/de\/?page_id=767"},"modified":"2019-10-18T07:21:24","modified_gmt":"2019-10-18T07:21:24","slug":"hydraulische-instrumentation-rohre","status":"publish","type":"page","link":"https:\/\/www.sber.co.at\/de\/hydraulische-instrumentation-rohre\/","title":{"rendered":"Hydraulische &#038; Instrumentation Rohre"},"content":{"rendered":"<h1>Hydraulische &amp; Instrumentation Rohre<\/h1>\n<p>Hydraulische &amp; Instrumentations Rohre sind wichtige Komponenten um Hydraulik- und Messsysteme zu sch\u00fctzen und andere Komponenten, Ger\u00e4te oder Instrumente, die einen sicheren und st\u00f6rungsfreien Betrieb von \u00d6l- und Gasanlagen, Petrochemie, Energieerzeugung und andere kritische industrielle Anwendungen gew\u00e4hrleisten, abzusichern. Folglich ist die Anforderung an die Qualit\u00e4t der Rohre sehr hoch.<\/p>\n<p>SBER hat eine hohe Kompetenz in der Entwicklung und Herstellung dieser Pr\u00e4zisionsrohr-Produkte mit einer langen Geschichte, die im Jahr 1962 begann. Die j\u00fcngsten Entwicklungen in der Tubacex Gruppe, mit der Schaffung eines Innovationszentrums in Spanien und dem Start von Produktionsstandorten in Asien, unterst\u00fctzen SBER kontinuierlich, seine F\u00e4higkeiten f\u00fcr die Zukunft zu st\u00e4rken.<\/p>\n<p>SBER\u2019s Hydraulik- und Instrumentierungsrohr-Portfolio umfasst einen Bereich mit Au\u00dfendurchmesser von 6 mm bis 42 mm, und einer Wanddicke von 1 mm bis 5 mm. Unser Stahl Sortiment besteht aus mehr als 10 Stahlsorten einschlie\u00dflich austenitisch &amp; hitzebest\u00e4ndigen Edelst\u00e4hle, Duplex und High-Nickel-Legierungen. Unsere Rohre haben eine glatte, helle und gleichm\u00e4\u00dfige Oberfl\u00e4che mit einer maximalen abgewickelten L\u00e4nge bis zu 15 Metern, weitere kundenspezifische L\u00e4ngen bieten wir auf Anfrage an. Unsere Rohre werden in \u00dcbereinstimmung mit den wichtigsten internationalen Normen wie ASTM, ASME, EN oder ISO gefertigt. Um die hohe Qualit\u00e4t unserer Rohre zu gew\u00e4hrleisten, f\u00fchren wir eine 100% Wirbelstrompr\u00fcfung und 100% PMI Tests durch.<\/p>\n","protected":false},"excerpt":{"rendered":"<p>Hydraulische &amp; Instrumentation Rohre Hydraulische &amp; Instrumentations Rohre sind wichtige Komponenten um Hydraulik- und Messsysteme zu sch\u00fctzen und andere Komponenten, Ger\u00e4te oder Instrumente, die einen sicheren und st\u00f6rungsfreien Betrieb von \u00d6l- und Gasanlagen, Petrochemie, Energieerzeugung und andere kritische industrielle Anwendungen &hellip; <a href=\"https:\/\/www.sber.co.at\/de\/hydraulische-instrumentation-rohre\/\">Read More <span class=\"meta-nav\">&rarr;<\/span><\/a><\/p>\n","protected":false},"author":6,"featured_media":0,"parent":0,"menu_order":0,"comment_status":"closed","ping_status":"closed","template":"","meta":{"footnotes":""},"class_list":["post-767","page","type-page","status-publish","hentry"],"jetpack_sharing_enabled":true,"jetpack_shortlink":"https:\/\/wp.me\/PeZlH7-cn","_links":{"self":[{"href":"https:\/\/www.sber.co.at\/de\/wp-json\/wp\/v2\/pages\/767","targetHints":{"allow":["GET"]}}],"collection":[{"href":"https:\/\/www.sber.co.at\/de\/wp-json\/wp\/v2\/pages"}],"about":[{"href":"https:\/\/www.sber.co.at\/de\/wp-json\/wp\/v2\/types\/page"}],"author":[{"embeddable":true,"href":"https:\/\/www.sber.co.at\/de\/wp-json\/wp\/v2\/users\/6"}],"replies":[{"embeddable":true,"href":"https:\/\/www.sber.co.at\/de\/wp-json\/wp\/v2\/comments?post=767"}],"version-history":[{"count":1,"href":"https:\/\/www.sber.co.at\/de\/wp-json\/wp\/v2\/pages\/767\/revisions"}],"predecessor-version":[{"id":1192,"href":"https:\/\/www.sber.co.at\/de\/wp-json\/wp\/v2\/pages\/767\/revisions\/1192"}],"wp:attachment":[{"href":"https:\/\/www.sber.co.at\/de\/wp-json\/wp\/v2\/media?parent=767"}],"curies":[{"name":"wp","href":"https:\/\/api.w.org\/{rel}","templated":true}]}}