{"id":769,"date":"2016-06-08T17:00:56","date_gmt":"2016-06-08T17:00:56","guid":{"rendered":"https:\/\/www2.sber.co.at\/de\/?page_id=769"},"modified":"2016-06-08T17:00:56","modified_gmt":"2016-06-08T17:00:56","slug":"waermetauscher","status":"publish","type":"page","link":"https:\/\/www.sber.co.at\/de\/waermetauscher\/","title":{"rendered":"W\u00e4rmetauscher"},"content":{"rendered":"<h1>W\u00e4rmetauscher<\/h1>\n<p>SBER\u2019s W\u00e4rmetauscher-Rohr-Portfolio umfasst mehr als 20 Stahlsorten, von austenitischen (Standard und hitzebest\u00e4ndig) Duplex, bis zu super austenitischen St\u00e4hlen mit hoher Nickel-Legierung. Der Rohrgr\u00f6\u00dfenbereich geht von einem Au\u00dfendurchmesser von 12 mm bis 60 mm und einer Wandst\u00e4rke von 0,8 mm bis 4 mm. SBER kann U-gebogene bzw. gerade Rohre mit einer maximalen L\u00e4nge von bis zu 37 Metern liefern. Spezielle Gr\u00f6\u00dfe k\u00f6nnen in der Produktion ber\u00fccksichtigt werden. Die Rohre werden nach allen g\u00e4ngigen internationalen Standards wie ASTM \/ ASME \/ EN \/ DIN \/ GOST hergestellt.<\/p>\n<p>SBER liefert W\u00e4rmetauscherrohre f\u00fcr verschiedenste kritische Anwendungen, die eine hohe Korrosionsbest\u00e4ndigkeit erfordern und setzt Materialien f\u00fcr h\u00f6chste Qualit\u00e4tsstandards ein. Einige dieser Anwendungen sind in Kondensatoren, K\u00fchlungen, Verdampfern, Heizungen in Raffinerien, Petrochemie, Chemie, \u00d6l\/Gas, Produktion von organischen und anorganischen S\u00e4uren, Hydrometallurgie, Stromerzeugung und Entsalzung, eingesetzt.<\/p>\n<p>Die W\u00e4rmetauscherrohre werden durch ein Extrusionsverfahren und nachfolgend durch Pilgern und\/oder Ziehen, hergestellt. Unsere Fertigungsanlagen sind mit allen erforderlichen Maschinen ausgestattet, um den Prozess mit einer hohen Ergebnisqualit\u00e4t (Strangpresse, Stretch-Druckminderer, Pilger Maschinen, Ziehb\u00e4nke, Richtmaschinen, Entfetten Einrichtung, Gl\u00fch\u00f6fen und Stabilisierungs \u00d6fen) sicherzustellen. SBER hat auch Schl\u00fcssel-Zulassungen bei z.B. T\u00dcV und NORSOK.<\/p>\n<p>Dieser Prozess wird mit unserer hauseigenen Qualit\u00e4tspr\u00fcfung mit Tests \u00fcber die chemische Zusammensetzung und mechanischen Eigenschaften (Zugfestigkeit, Aufprall, H\u00e4rte) abgeschlossen. Die zerst\u00f6rungsfreie Pr\u00fcfung umfasst Hydrotest, Wirbelstrompr\u00fcfung und Ultraschallpr\u00fcfung. Die eigene Qualit\u00e4tsabteilung ist auch f\u00fcr die Durchf\u00fchrung von Korrosionstests wie z.B. f\u00fcr den intergranularen Korrosionstest, die Lochkorrosionspr\u00fcfung sowie f\u00fcr Gef\u00fcgeanalysen ausgestattet. Andere spezielle Pr\u00fcfanforderungen k\u00f6nnen von externen Labors durchgef\u00fchrt werden.<\/p>\n","protected":false},"excerpt":{"rendered":"<p>W\u00e4rmetauscher SBER\u2019s W\u00e4rmetauscher-Rohr-Portfolio umfasst mehr als 20 Stahlsorten, von austenitischen (Standard und hitzebest\u00e4ndig) Duplex, bis zu super austenitischen St\u00e4hlen mit hoher Nickel-Legierung. Der Rohrgr\u00f6\u00dfenbereich geht von einem Au\u00dfendurchmesser von 12 mm bis 60 mm und einer Wandst\u00e4rke von 0,8 mm &hellip; <a href=\"https:\/\/www.sber.co.at\/de\/waermetauscher\/\">Read More <span class=\"meta-nav\">&rarr;<\/span><\/a><\/p>\n","protected":false},"author":6,"featured_media":0,"parent":0,"menu_order":0,"comment_status":"closed","ping_status":"closed","template":"","meta":{"footnotes":""},"class_list":["post-769","page","type-page","status-publish","hentry"],"jetpack_sharing_enabled":true,"jetpack_shortlink":"https:\/\/wp.me\/PeZlH7-cp","_links":{"self":[{"href":"https:\/\/www.sber.co.at\/de\/wp-json\/wp\/v2\/pages\/769","targetHints":{"allow":["GET"]}}],"collection":[{"href":"https:\/\/www.sber.co.at\/de\/wp-json\/wp\/v2\/pages"}],"about":[{"href":"https:\/\/www.sber.co.at\/de\/wp-json\/wp\/v2\/types\/page"}],"author":[{"embeddable":true,"href":"https:\/\/www.sber.co.at\/de\/wp-json\/wp\/v2\/users\/6"}],"replies":[{"embeddable":true,"href":"https:\/\/www.sber.co.at\/de\/wp-json\/wp\/v2\/comments?post=769"}],"version-history":[{"count":1,"href":"https:\/\/www.sber.co.at\/de\/wp-json\/wp\/v2\/pages\/769\/revisions"}],"predecessor-version":[{"id":770,"href":"https:\/\/www.sber.co.at\/de\/wp-json\/wp\/v2\/pages\/769\/revisions\/770"}],"wp:attachment":[{"href":"https:\/\/www.sber.co.at\/de\/wp-json\/wp\/v2\/media?parent=769"}],"curies":[{"name":"wp","href":"https:\/\/api.w.org\/{rel}","templated":true}]}}