{"id":771,"date":"2016-06-08T17:03:56","date_gmt":"2016-06-08T17:03:56","guid":{"rendered":"https:\/\/www2.sber.co.at\/de\/?page_id=771"},"modified":"2016-06-08T17:03:56","modified_gmt":"2016-06-08T17:03:56","slug":"umbilical-rohre","status":"publish","type":"page","link":"https:\/\/www.sber.co.at\/de\/umbilical-rohre\/","title":{"rendered":"Umbilical Rohre"},"content":{"rendered":"<h1>Umbilical Rohre<\/h1>\n<p>Die Tubacex-Gruppe hat sich zu einem der wichtigsten Lieferanten von nahtlosen Edelstahl- und Nickel-Legierungs Rohre f\u00fcr die \u00d6l- und Gasindustrie (Onshore, Offshore, Energieerzeugung und anderen Anwendungen) entwickelt. Die \u00d6l- und Gasindustrie ist ein Grundpfeiler in der Tubacex Strategie im Bereich der Basisrohrprodukte f\u00fcr Flie\u00dflinien, Riser, Manifold, Br\u00fccken, Schleifen und Untersee umbilicals.<\/p>\n<p>Ein Umbilical ist im Grunde ein Composite-Kabel, das die Offshore-\u00d6l- und Gasindustrie zur Verbindung der verschiedenen Elemente von \u2013 unter der Meeresoberfl\u00e4che \u2013 gelegenen \u00d6l- und Gasproduktionssystemen einsetzt. Umbilical-Systeme bieten die lebenswichtige Versorgung und Steuerverbindung von Plattformen oder Schiffen zu \u00d6l- und Gasanlagen am Meeresboden.<br \/>\nEs gibt verschiedene Arten von Umbilical und die Anforderungen des jeweiligen Einsatzesbereiches bestimmt, welche Spezifikation am besten geeignet ist. F\u00fcr tieferes Wasser werden typischerweise Umbilicals aus Stahl verwendet, die in spiralf\u00f6rmig in verschiedenen Schichten angeordnet sind (Fluidleitungen, Elektrokabel und Glasfaserkabel).<\/p>\n<p>Ein wichtiger Punkt unserer Strategie war ein gro\u00dfes Investment (2011) in ein v\u00f6llig neues state-oft-the-art Rohrwerk, das sich ausschlie\u00dflich der Produktion dieser Produkte widmet. Die neue Produktionseinheit verf\u00fcgt \u00fcber die besten Technologien und \u00fcber das Know-how f\u00fcr die Herstellung in der besten Qualit\u00e4t. Die hochautomatisierte Produktion und ein vollintegriertes System der R\u00fcckverfolgbarkeit f\u00fchrt zu einem \u00e4u\u00dferst kosteneffizienten Produkt.<\/p>\n<p>SBER produziert die kleinen OD Umbilical Rohre, um die die h\u00f6chsten Anforderungen unserer Kunden zu erf\u00fcllen. Die Rohre k\u00f6nnen in spezifischen L\u00e4ngen oder verschwei\u00dft und aufgewickelt auf Spulen hergestellt werden. Unsere Umbilical Rohre werden in zwei Qualit\u00e4ten (Superduplex- Edelstahl, UNS S32750 und S32760 UNS) hergestellt. Der Au\u00dfendurchmesser reicht von 12mm bis 45mm und die Wanddicke von 1 mm bis 6 mm. Spezielle Anforderungen k\u00f6nnen auf Anfrage ber\u00fccksichtigt werden.<\/p>\n<p>Unsere hochautomatisierten Anlagen und ein vollst\u00e4ndig integriertes System der R\u00fcckverfolgbarkeit stellen unsere Produktqualit\u00e4t sicher:<\/p>\n<p>Unsere Rohre werden in \u00dcbereinstimmung mit den wichtigsten internationalen Normen wie ASTM, ASME oder ISO und auch Zulassungen wie T\u00dcV, NORSOK oder DNV hergestellt. Weiters haben wir Zulassungen f\u00fcr dynamische und statische Anwendungen von gro\u00dfen \u00d6lgesellschaften, Nabel-Kabelhersteller und \u00d6lproduktionsfirmen.<\/p>\n","protected":false},"excerpt":{"rendered":"<p>Umbilical Rohre Die Tubacex-Gruppe hat sich zu einem der wichtigsten Lieferanten von nahtlosen Edelstahl- und Nickel-Legierungs Rohre f\u00fcr die \u00d6l- und Gasindustrie (Onshore, Offshore, Energieerzeugung und anderen Anwendungen) entwickelt. Die \u00d6l- und Gasindustrie ist ein Grundpfeiler in der Tubacex Strategie &hellip; <a href=\"https:\/\/www.sber.co.at\/de\/umbilical-rohre\/\">Read More <span class=\"meta-nav\">&rarr;<\/span><\/a><\/p>\n","protected":false},"author":6,"featured_media":0,"parent":0,"menu_order":0,"comment_status":"closed","ping_status":"closed","template":"","meta":{"footnotes":""},"class_list":["post-771","page","type-page","status-publish","hentry"],"jetpack_sharing_enabled":true,"jetpack_shortlink":"https:\/\/wp.me\/PeZlH7-cr","_links":{"self":[{"href":"https:\/\/www.sber.co.at\/de\/wp-json\/wp\/v2\/pages\/771","targetHints":{"allow":["GET"]}}],"collection":[{"href":"https:\/\/www.sber.co.at\/de\/wp-json\/wp\/v2\/pages"}],"about":[{"href":"https:\/\/www.sber.co.at\/de\/wp-json\/wp\/v2\/types\/page"}],"author":[{"embeddable":true,"href":"https:\/\/www.sber.co.at\/de\/wp-json\/wp\/v2\/users\/6"}],"replies":[{"embeddable":true,"href":"https:\/\/www.sber.co.at\/de\/wp-json\/wp\/v2\/comments?post=771"}],"version-history":[{"count":1,"href":"https:\/\/www.sber.co.at\/de\/wp-json\/wp\/v2\/pages\/771\/revisions"}],"predecessor-version":[{"id":772,"href":"https:\/\/www.sber.co.at\/de\/wp-json\/wp\/v2\/pages\/771\/revisions\/772"}],"wp:attachment":[{"href":"https:\/\/www.sber.co.at\/de\/wp-json\/wp\/v2\/media?parent=771"}],"curies":[{"name":"wp","href":"https:\/\/api.w.org\/{rel}","templated":true}]}}