{"id":773,"date":"2016-03-28T14:51:26","date_gmt":"2016-03-28T14:51:26","guid":{"rendered":"https:\/\/www2.sber.co.at\/de\/fertilizer-products\/"},"modified":"2016-06-08T17:07:48","modified_gmt":"2016-06-08T17:07:48","slug":"duengemittel-produktion","status":"publish","type":"page","link":"https:\/\/www.sber.co.at\/de\/duengemittel-produktion\/","title":{"rendered":"D\u00fcngemittel Produktion"},"content":{"rendered":"<h1>D\u00fcngemittel Produktion<\/h1>\n<p>D\u00fcngemittel-Hersteller ben\u00f6tigen Produkte, die extremen Korrosionsbedingungen widerstehen. Aus diesem Grund m\u00fcssen sich Ingenieurb\u00fcros, Hersteller, Endnutzer oder jedes am Prozess beteiligten Unternehmen, auf modernste Rohrhersteller verlassen k\u00f6nnen.<\/p>\n<p>SBER verf\u00fcgt \u00fcber umfangreiche Erfahrung in der D\u00fcngemittelindustrie und hat W\u00e4rmetauschprodukte \u00fcber 40 Jahre f\u00fcr viele Harnstoff HP Komponenten im Programm. In unserem Spezialrohrwerk stellen wir nahtlose Rohre f\u00fcr die D\u00fcngemittelproduktion aus hochreinem Stahl, der entweder aus unserem Tubacex Stahlwerk oder von unserem langj\u00e4hrigen Partner kommt, her. Unsere Qualit\u00e4tskontrolle \u00fcberwacht dabei jeden Schritt im Produktionsprozess um strengsten internationalen Normen und Standards zu entsprechen.<\/p>\n<p>Wir liefern nahtlose Edelstahlrohre in den g\u00e4ngigsten Harnstoff Qualit\u00e4ten: 316L UG (1.4435), 25.22.2 (1.4466) oder S32906, sowie einige andere, die f\u00fcr anspruchsvolle S\u00e4ure- Umgebungen oder Anwendungen ausgelegt sind. Rohre dieser Typen erf\u00fcllen die strengen Anforderungen im Betrieb von Harnstoff-Anlagen.<\/p>\n<p>Die typischen Anwendungen f\u00fcr SBER \/ Tubacex Rohre sind Abstreifer, Kondensatoren, W\u00e4scher oder HD-Rohrleitungen.<\/p>\n<p><a href=\"https:\/\/www2.sber.co.at\/wp-content\/uploads\/2015\/06\/fertilizer_sber.jpeg\"><img loading=\"lazy\" decoding=\"async\" class=\"size-full wp-image-592 view-it-large-steve aligncenter\" src=\"https:\/\/www2.sber.co.at\/wp-content\/uploads\/2015\/06\/fertilizer_sber.jpeg\" alt=\"fertilizer_sber\" width=\"1467\" height=\"274\" srcset=\"https:\/\/www.sber.co.at\/wp-content\/uploads\/2015\/06\/fertilizer_sber.jpeg 1467w, https:\/\/www.sber.co.at\/wp-content\/uploads\/2015\/06\/fertilizer_sber-300x56.jpeg 300w, https:\/\/www.sber.co.at\/wp-content\/uploads\/2015\/06\/fertilizer_sber-768x143.jpeg 768w, https:\/\/www.sber.co.at\/wp-content\/uploads\/2015\/06\/fertilizer_sber-1024x191.jpeg 1024w\" sizes=\"auto, (max-width: 1467px) 100vw, 1467px\" \/><\/a><\/p>\n","protected":false},"excerpt":{"rendered":"<p>D\u00fcngemittel Produktion D\u00fcngemittel-Hersteller ben\u00f6tigen Produkte, die extremen Korrosionsbedingungen widerstehen. Aus diesem Grund m\u00fcssen sich Ingenieurb\u00fcros, Hersteller, Endnutzer oder jedes am Prozess beteiligten Unternehmen, auf modernste Rohrhersteller verlassen k\u00f6nnen. SBER verf\u00fcgt \u00fcber umfangreiche Erfahrung in der D\u00fcngemittelindustrie und hat W\u00e4rmetauschprodukte \u00fcber &hellip; <a href=\"https:\/\/www.sber.co.at\/de\/duengemittel-produktion\/\">Read More <span class=\"meta-nav\">&rarr;<\/span><\/a><\/p>\n","protected":false},"author":6,"featured_media":0,"parent":0,"menu_order":0,"comment_status":"closed","ping_status":"closed","template":"","meta":{"footnotes":""},"class_list":["post-773","page","type-page","status-publish","hentry"],"jetpack_sharing_enabled":true,"jetpack_shortlink":"https:\/\/wp.me\/PeZlH7-ct","_links":{"self":[{"href":"https:\/\/www.sber.co.at\/de\/wp-json\/wp\/v2\/pages\/773","targetHints":{"allow":["GET"]}}],"collection":[{"href":"https:\/\/www.sber.co.at\/de\/wp-json\/wp\/v2\/pages"}],"about":[{"href":"https:\/\/www.sber.co.at\/de\/wp-json\/wp\/v2\/types\/page"}],"author":[{"embeddable":true,"href":"https:\/\/www.sber.co.at\/de\/wp-json\/wp\/v2\/users\/6"}],"replies":[{"embeddable":true,"href":"https:\/\/www.sber.co.at\/de\/wp-json\/wp\/v2\/comments?post=773"}],"version-history":[{"count":1,"href":"https:\/\/www.sber.co.at\/de\/wp-json\/wp\/v2\/pages\/773\/revisions"}],"predecessor-version":[{"id":775,"href":"https:\/\/www.sber.co.at\/de\/wp-json\/wp\/v2\/pages\/773\/revisions\/775"}],"wp:attachment":[{"href":"https:\/\/www.sber.co.at\/de\/wp-json\/wp\/v2\/media?parent=773"}],"curies":[{"name":"wp","href":"https:\/\/api.w.org\/{rel}","templated":true}]}}