{"id":830,"date":"2015-08-24T15:50:33","date_gmt":"2015-08-24T15:50:33","guid":{"rendered":"https:\/\/www2.sber.co.at\/de\/terms-and-conditions\/"},"modified":"2024-06-03T10:40:27","modified_gmt":"2024-06-03T08:40:27","slug":"terms-and-conditions","status":"publish","type":"page","link":"https:\/\/www.sber.co.at\/de\/terms-and-conditions\/","title":{"rendered":"Terms and Conditions"},"content":{"rendered":"<h1>Allgemeine Gesch\u00e4ftsbedingungen<\/h1>\n<p>Hier k\u00f6nnen Sie sich die aktuellen Allgemeinen Gesch\u00e4ftsbedingungen der Schoeller-Bleckmann Edelstahlrohr GmbH als PDF-Dokument herunterladen.<\/p>\n<p><a href=\"https:\/\/www.sber.co.at\/wp-content\/uploads\/2015\/08\/conditions_de.pdf\">Allgemeine Verkaufs- und Lieferbedingungen, Ausgabe SBER IX\/2012 (alt)<\/a><\/p>\n<p><a href=\"https:\/\/www.sber.co.at\/wp-content\/uploads\/2020\/01\/Allgemeine-Verkaufs-und-Lieferbedingungen-Ausgabe-SBER-112019-Rev.1.pdf\">Allgemeine Verkaufs- und Lieferbedingungen, Ausgabe SBER 11\/2019, Rev.1<\/a><\/p>\n<p><a href=\"https:\/\/www.sber.co.at\/wp-content\/uploads\/2019\/11\/purchase_conditions.pdf\">Allgemeine Einkaufsbedingungen<\/a><\/p>\n\n\n<p><\/p>\n","protected":false},"excerpt":{"rendered":"<p>Allgemeine Gesch\u00e4ftsbedingungen Hier k\u00f6nnen Sie sich die aktuellen Allgemeinen Gesch\u00e4ftsbedingungen der Schoeller-Bleckmann Edelstahlrohr GmbH als PDF-Dokument herunterladen. Allgemeine Verkaufs- und Lieferbedingungen, Ausgabe SBER IX\/2012 (alt) Allgemeine Verkaufs- und Lieferbedingungen, Ausgabe SBER 11\/2019, Rev.1 Allgemeine Einkaufsbedingungen<\/p>\n","protected":false},"author":6,"featured_media":0,"parent":0,"menu_order":0,"comment_status":"closed","ping_status":"closed","template":"","meta":{"footnotes":""},"class_list":["post-830","page","type-page","status-publish","hentry"],"jetpack_sharing_enabled":true,"jetpack_shortlink":"https:\/\/wp.me\/PeZlH7-do","_links":{"self":[{"href":"https:\/\/www.sber.co.at\/de\/wp-json\/wp\/v2\/pages\/830","targetHints":{"allow":["GET"]}}],"collection":[{"href":"https:\/\/www.sber.co.at\/de\/wp-json\/wp\/v2\/pages"}],"about":[{"href":"https:\/\/www.sber.co.at\/de\/wp-json\/wp\/v2\/types\/page"}],"author":[{"embeddable":true,"href":"https:\/\/www.sber.co.at\/de\/wp-json\/wp\/v2\/users\/6"}],"replies":[{"embeddable":true,"href":"https:\/\/www.sber.co.at\/de\/wp-json\/wp\/v2\/comments?post=830"}],"version-history":[{"count":3,"href":"https:\/\/www.sber.co.at\/de\/wp-json\/wp\/v2\/pages\/830\/revisions"}],"predecessor-version":[{"id":1772,"href":"https:\/\/www.sber.co.at\/de\/wp-json\/wp\/v2\/pages\/830\/revisions\/1772"}],"wp:attachment":[{"href":"https:\/\/www.sber.co.at\/de\/wp-json\/wp\/v2\/media?parent=830"}],"curies":[{"name":"wp","href":"https:\/\/api.w.org\/{rel}","templated":true}]}}